{"id":25,"date":"2019-09-16T09:02:53","date_gmt":"2019-09-16T09:02:53","guid":{"rendered":"https:\/\/the7.io\/yoga\/?page_id=25"},"modified":"2023-03-27T16:06:06","modified_gmt":"2023-03-27T13:06:06","slug":"about","status":"publish","type":"page","link":"https:\/\/artesicmimarlik.com\/index.php\/about\/","title":{"rendered":"About"},"content":{"rendered":"<section class=\"wpb-content-wrapper\"><p>[vc_row equal_height=&#8221;yes&#8221; content_placement=&#8221;top&#8221; css=&#8221;.vc_custom_1571477891398{padding-top: 70px !important;padding-bottom: 50px !important;}&#8221;][vc_column width=&#8221;1\/3&#8243; css=&#8221;.vc_custom_1571477821281{padding-bottom: 30px !important;}&#8221;]<div id=\"ultimate-heading-206969e74160a5323\" class=\"uvc-heading ult-adjust-bottom-margin ultimate-heading-206969e74160a5323 uvc-132 \" data-hspacer=\"no_spacer\"  data-halign=\"left\" style=\"text-align:left\"><div class=\"uvc-heading-spacer no_spacer\" style=\"top\"><\/div><div class=\"uvc-main-heading ult-responsive\"  data-ultimate-target='.uvc-heading.ultimate-heading-206969e74160a5323 h1'  data-responsive-json-new='{\"font-size\":\"tablet_portrait:34px;\",\"line-height\":\"tablet_portrait:44px;\"}' ><h1 style=\"--font-weight:theme;color:#ffffff;margin-bottom:20px;\">Sizlere Kendimizi Tan\u0131tmam\u0131za \u0130zin Verin<\/h1><\/div><\/div><div class=\"hr-thin style-double hr-left\" style=\"width: 70px;border-color: #2e2b36;border-top-width: 6px;\"><\/div>[\/vc_column][vc_column width=&#8221;2\/3&#8243; css=&#8221;.vc_custom_1571477868281{padding-bottom: 30px !important;}&#8221;][vc_column_text]<span style=\"font-size: medium;\">ARTES \u0130\u00c7 M\u0130MARLIK olarak Antalya\u2019da bulunan ofisimizde \u00e7ok farkl\u0131 kategorilerde mekan\u0131n tasar\u0131m ve uygulama projeleri \u00fczerine \u00e7al\u0131\u015f\u0131yor, sanat\u0131 ya\u015fam alanlar\u0131na entegre ediyoruz. T\u00fcrkiye\u2019de ve d\u00fcnyan\u0131n \u00e7e\u015fitli b\u00f6lgelerinde mimari ve i\u00e7 mimari projeler geli\u015ftirirken her farkl\u0131 projede farkl\u0131 yakla\u015f\u0131mlarla, her an de\u011fi\u015fmekte olan tasar\u0131m trendlerini yorumlayarak mekanlar\u0131 kullan\u0131c\u0131lar\u0131 ile b\u00fct\u00fcnle\u015ftiriyoruz.<\/span><\/p>\n<p><span style=\"font-size: medium;\">Bize g\u00f6re her proje yeni bir ba\u015flang\u0131\u00e7, s\u0131f\u0131r noktas\u0131. Ve bu noktadan ba\u015flayan tasar\u0131m, sonsuz bir yolculuk. Sonsuz \u00e7\u00fcnk\u00fc; her zaman \u00f6zg\u00fcn, geli\u015fen, d\u00f6n\u00fc\u015fen, s\u00fcrd\u00fcr\u00fclebilir tasar\u0131mlar ve mekanlar yapmay\u0131 hedefliyoruz&#8230; <\/span>[\/vc_column_text][\/vc_column][\/vc_row][vc_row full_width=&#8221;stretch_row_content_no_spaces&#8221; full_height=&#8221;yes&#8221; columns_placement=&#8221;stretch&#8221; equal_height=&#8221;yes&#8221; content_placement=&#8221;top&#8221;][vc_column width=&#8221;1\/3&#8243; css=&#8221;.vc_custom_1679921922915{padding-top: 0px !important;padding-right: 0px !important;padding-bottom: 0px !important;padding-left: 0px !important;background-color: #000000 !important;background-position: center !important;background-repeat: no-repeat !important;background-size: cover !important;}&#8221; offset=&#8221;vc_col-lg-6 vc_col-md-6 vc_col-xs-12&#8243;][vc_single_image image=&#8221;1456&#8243; img_size=&#8221;1500&#215;900&#8243;][vc_single_image image=&#8221;1458&#8243; img_size=&#8221;1500&#215;900&#8243;][vc_single_image image=&#8221;1462&#8243; img_size=&#8221;1200&#215;900&#8243;][\/vc_column][vc_column width=&#8221;1\/3&#8243; css=&#8221;.vc_custom_1679921998517{padding-top: 0px !important;padding-right: 0px !important;padding-bottom: 0px !important;padding-left: 0px !important;background-color: #000000 !important;background-position: center !important;background-repeat: no-repeat !important;background-size: cover !important;}&#8221; offset=&#8221;vc_col-lg-6 vc_col-md-6 vc_col-xs-12&#8243;][vc_single_image image=&#8221;1455&#8243; img_size=&#8221;full&#8221;][vc_single_image image=&#8221;1460&#8243; img_size=&#8221;1500&#215;900&#8243;][vc_single_image image=&#8221;1454&#8243; img_size=&#8221;1500&#215;900&#8243;][\/vc_column][\/vc_row][vc_row full_width=&#8221;stretch_row_content_no_spaces&#8221; css=&#8221;.vc_custom_1571481948465{padding-top: 70px !important;}&#8221;][vc_column width=&#8221;2\/3&#8243; offset=&#8221;vc_col-lg-offset-3 vc_col-lg-6 vc_col-md-offset-3 vc_col-md-6 vc_col-sm-offset-2&#8243; css=&#8221;.vc_custom_1571605203388{padding-bottom: 60px !important;}&#8221;]<div id=\"ultimate-heading-661469e74160a53c7\" class=\"uvc-heading ult-adjust-bottom-margin ultimate-heading-661469e74160a53c7 uvc-1760  uvc-heading-default-font-sizes\" data-hspacer=\"no_spacer\"  data-halign=\"center\" style=\"text-align:center\"><div class=\"uvc-heading-spacer no_spacer\" style=\"top\"><\/div><div class=\"uvc-main-heading ult-responsive\"  data-ultimate-target='.uvc-heading.ultimate-heading-661469e74160a53c7 h2'  data-responsive-json-new='{\"font-size\":\"\",\"line-height\":\"\"}' ><h2 style=\"--font-weight:theme;margin-bottom:30px;\">Projelerimize G\u00f6z At\u0131n<\/h2><\/div><div class=\"uvc-sub-heading ult-responsive\"  data-ultimate-target='.uvc-heading.ultimate-heading-661469e74160a53c7 .uvc-sub-heading '  data-responsive-json-new='{\"font-size\":\"\",\"line-height\":\"\"}'  style=\"font-weight:normal;margin-bottom:40px;\">Birbirinden e\u015fsiz projelerde b\u0131rakt\u0131\u011f\u0131m\u0131z imzalar\u0131m\u0131za bak\u0131n<\/div><\/div><style type=\"text\/css\" data-type=\"the7_shortcodes-inline-css\">#default-btn-a2e47ff9e821d50be21c030641c21121 {\n  border-radius: 0px;\n  font-size: 16px;\n  line-height: 18px;\n}\n.btn-shadow#default-btn-a2e47ff9e821d50be21c030641c21121 {\n  box-shadow: 0 1px 6px rgba(0,0,0,0.12);\n  transition: box-shadow 0.2s ease-out, opacity 0.45s;\n}\n.btn-shadow#default-btn-a2e47ff9e821d50be21c030641c21121:hover {\n  box-shadow: 0 5px 11px 0 rgba(0,0,0,0.18), 0 4px 15px 0 rgba(0,0,0,0.15);\n}\n.btn-3d#default-btn-a2e47ff9e821d50be21c030641c21121:hover {\n  box-shadow: 0px 2px 0px 0px #121212;\n}\n.btn-flat#default-btn-a2e47ff9e821d50be21c030641c21121 {\n  box-shadow: none;\n}\n.btn-flat#default-btn-a2e47ff9e821d50be21c030641c21121:hover {\n  box-shadow: none;\n}\n#default-btn-a2e47ff9e821d50be21c030641c21121.ico-right-side > i {\n  margin-right: 0px;\n  margin-left: 8px;\n}\n#default-btn-a2e47ff9e821d50be21c030641c21121 > i {\n  margin-right: 8px;\n  font-size: 16px;\n}\n#default-btn-a2e47ff9e821d50be21c030641c21121:not(:hover) {\n  border-width: 2px;\n  border-color: #2e2b36 !important;\n  color: #2e2b36;\n  background: none !important;\n  padding: 16px 38px 16px 38px;\n}\n#default-btn-a2e47ff9e821d50be21c030641c21121:not(:hover) * {\n  color: #2e2b36;\n}\n#default-btn-a2e47ff9e821d50be21c030641c21121:hover {\n  border-width: 2px;\n  border-color: #2e2b36 !important;\n  color: #ffffff;\n  background: #2e2b36 !important;\n  padding: 16px 38px 16px 38px;\n}\n#default-btn-a2e47ff9e821d50be21c030641c21121:hover * {\n  color: #ffffff;\n}\n#default-btn-a2e47ff9e821d50be21c030641c21121.ico-right-side > i {\n  margin-right: 0px;\n  margin-left: 8px;\n}\n#default-btn-a2e47ff9e821d50be21c030641c21121 > i {\n  margin-right: 8px;\n}\n<\/style><div class=\"btn-align-center\"><a href=\"https:\/\/artesicmimarlik.com\/index.php\/konut-projeleri\/\" class=\"default-btn-shortcode dt-btn link-hover-off btn-flat \" id=\"default-btn-a2e47ff9e821d50be21c030641c21121\" title=\"Teachers\"><span>\u0130ncele<\/span><\/a><\/div>[\/vc_column][vc_column][\/vc_column][\/vc_row]<\/p>\n<\/section>","protected":false},"excerpt":{"rendered":"<p>[vc_row equal_height=&#8221;yes&#8221; content_placement=&#8221;top&#8221; css=&#8221;.vc_custom_1571477891398{padding-top: 70px !important;padding-bottom: 50px !important;}&#8221;][vc_column width=&#8221;1\/3&#8243; css=&#8221;.vc_custom_1571477821281{padding-bottom: 30px !important;}&#8221;][\/vc_column][vc_column width=&#8221;2\/3&#8243; css=&#8221;.vc_custom_1571477868281{padding-bottom: 30px !important;}&#8221;][vc_column_text]ARTES \u0130\u00c7 M\u0130MARLIK olarak Antalya\u2019da bulunan ofisimizde \u00e7ok farkl\u0131 kategorilerde mekan\u0131n tasar\u0131m ve uygulama projeleri \u00fczerine \u00e7al\u0131\u015f\u0131yor, sanat\u0131 ya\u015fam alanlar\u0131na entegre ediyoruz. T\u00fcrkiye\u2019de ve d\u00fcnyan\u0131n \u00e7e\u015fitli b\u00f6lgelerinde mimari ve i\u00e7 mimari projeler geli\u015ftirirken her farkl\u0131 projede farkl\u0131 yakla\u015f\u0131mlarla, her an&hellip;<\/p>\n","protected":false},"author":1,"featured_media":0,"parent":0,"menu_order":0,"comment_status":"closed","ping_status":"closed","template":"","meta":{"footnotes":""},"class_list":["post-25","page","type-page","status-publish","hentry","description-off"],"yoast_head":"<!-- This site is optimized with the Yoast SEO plugin v20.4 - https:\/\/yoast.com\/wordpress\/plugins\/seo\/ -->\n<title>About - Artes \u0130\u00e7 Mimarl\u0131k<\/title>\n<meta name=\"robots\" content=\"index, follow, max-snippet:-1, max-image-preview:large, max-video-preview:-1\" \/>\n<link rel=\"canonical\" href=\"https:\/\/artesicmimarlik.com\/index.php\/about\/\" \/>\n<meta property=\"og:locale\" content=\"tr_TR\" \/>\n<meta property=\"og:type\" content=\"article\" \/>\n<meta property=\"og:title\" content=\"About - Artes \u0130\u00e7 Mimarl\u0131k\" \/>\n<meta property=\"og:description\" content=\"[vc_row equal_height=&#8221;yes&#8221; content_placement=&#8221;top&#8221; css=&#8221;.vc_custom_1571477891398{padding-top: 70px !important;padding-bottom: 50px !important;}&#8221;][vc_column width=&#8221;1\/3&#8243; css=&#8221;.vc_custom_1571477821281{padding-bottom: 30px !important;}&#8221;][\/vc_column][vc_column width=&#8221;2\/3&#8243; css=&#8221;.vc_custom_1571477868281{padding-bottom: 30px !important;}&#8221;][vc_column_text]ARTES \u0130\u00c7 M\u0130MARLIK olarak Antalya\u2019da bulunan ofisimizde \u00e7ok farkl\u0131 kategorilerde mekan\u0131n tasar\u0131m ve uygulama projeleri \u00fczerine \u00e7al\u0131\u015f\u0131yor, sanat\u0131 ya\u015fam alanlar\u0131na entegre ediyoruz. T\u00fcrkiye\u2019de ve d\u00fcnyan\u0131n \u00e7e\u015fitli b\u00f6lgelerinde mimari ve i\u00e7 mimari projeler geli\u015ftirirken her farkl\u0131 projede farkl\u0131 yakla\u015f\u0131mlarla, her an&hellip;\" \/>\n<meta property=\"og:url\" content=\"https:\/\/artesicmimarlik.com\/index.php\/about\/\" \/>\n<meta property=\"og:site_name\" content=\"Artes \u0130\u00e7 Mimarl\u0131k\" \/>\n<meta property=\"article:modified_time\" content=\"2023-03-27T13:06:06+00:00\" \/>\n<meta name=\"twitter:card\" content=\"summary_large_image\" \/>\n<meta name=\"twitter:label1\" content=\"Tahmini okuma s\u00fcresi\" \/>\n\t<meta name=\"twitter:data1\" content=\"3 dakika\" \/>\n<script type=\"application\/ld+json\" class=\"yoast-schema-graph\">{\"@context\":\"https:\/\/schema.org\",\"@graph\":[{\"@type\":\"WebPage\",\"@id\":\"https:\/\/artesicmimarlik.com\/index.php\/about\/\",\"url\":\"https:\/\/artesicmimarlik.com\/index.php\/about\/\",\"name\":\"About - Artes \u0130\u00e7 Mimarl\u0131k\",\"isPartOf\":{\"@id\":\"https:\/\/artesicmimarlik.com\/#website\"},\"datePublished\":\"2019-09-16T09:02:53+00:00\",\"dateModified\":\"2023-03-27T13:06:06+00:00\",\"breadcrumb\":{\"@id\":\"https:\/\/artesicmimarlik.com\/index.php\/about\/#breadcrumb\"},\"inLanguage\":\"tr\",\"potentialAction\":[{\"@type\":\"ReadAction\",\"target\":[\"https:\/\/artesicmimarlik.com\/index.php\/about\/\"]}]},{\"@type\":\"BreadcrumbList\",\"@id\":\"https:\/\/artesicmimarlik.com\/index.php\/about\/#breadcrumb\",\"itemListElement\":[{\"@type\":\"ListItem\",\"position\":1,\"name\":\"Anasayfa\",\"item\":\"https:\/\/artesicmimarlik.com\/\"},{\"@type\":\"ListItem\",\"position\":2,\"name\":\"About\"}]},{\"@type\":\"WebSite\",\"@id\":\"https:\/\/artesicmimarlik.com\/#website\",\"url\":\"https:\/\/artesicmimarlik.com\/\",\"name\":\"Artes \u0130\u00e7 Mimarl\u0131k\",\"description\":\"\",\"publisher\":{\"@id\":\"https:\/\/artesicmimarlik.com\/#organization\"},\"potentialAction\":[{\"@type\":\"SearchAction\",\"target\":{\"@type\":\"EntryPoint\",\"urlTemplate\":\"https:\/\/artesicmimarlik.com\/?s={search_term_string}\"},\"query-input\":\"required name=search_term_string\"}],\"inLanguage\":\"tr\"},{\"@type\":\"Organization\",\"@id\":\"https:\/\/artesicmimarlik.com\/#organization\",\"name\":\"Artes \u0130\u00e7 Mimarl\u0131k\",\"url\":\"https:\/\/artesicmimarlik.com\/\",\"logo\":{\"@type\":\"ImageObject\",\"inLanguage\":\"tr\",\"@id\":\"https:\/\/artesicmimarlik.com\/#\/schema\/logo\/image\/\",\"url\":\"https:\/\/artesicmimarlik.com\/wp-content\/uploads\/2023\/03\/Artes-white-logo-4.png\",\"contentUrl\":\"https:\/\/artesicmimarlik.com\/wp-content\/uploads\/2023\/03\/Artes-white-logo-4.png\",\"width\":170,\"height\":72,\"caption\":\"Artes \u0130\u00e7 Mimarl\u0131k\"},\"image\":{\"@id\":\"https:\/\/artesicmimarlik.com\/#\/schema\/logo\/image\/\"},\"sameAs\":[\"https:\/\/www.instagram.com\/artesicmimarlik\/\"]}]}<\/script>\n<!-- \/ Yoast SEO plugin. -->","yoast_head_json":{"title":"About - Artes \u0130\u00e7 Mimarl\u0131k","robots":{"index":"index","follow":"follow","max-snippet":"max-snippet:-1","max-image-preview":"max-image-preview:large","max-video-preview":"max-video-preview:-1"},"canonical":"https:\/\/artesicmimarlik.com\/index.php\/about\/","og_locale":"tr_TR","og_type":"article","og_title":"About - Artes \u0130\u00e7 Mimarl\u0131k","og_description":"[vc_row equal_height=&#8221;yes&#8221; content_placement=&#8221;top&#8221; css=&#8221;.vc_custom_1571477891398{padding-top: 70px !important;padding-bottom: 50px !important;}&#8221;][vc_column width=&#8221;1\/3&#8243; css=&#8221;.vc_custom_1571477821281{padding-bottom: 30px !important;}&#8221;][\/vc_column][vc_column width=&#8221;2\/3&#8243; css=&#8221;.vc_custom_1571477868281{padding-bottom: 30px !important;}&#8221;][vc_column_text]ARTES \u0130\u00c7 M\u0130MARLIK olarak Antalya\u2019da bulunan ofisimizde \u00e7ok farkl\u0131 kategorilerde mekan\u0131n tasar\u0131m ve uygulama projeleri \u00fczerine \u00e7al\u0131\u015f\u0131yor, sanat\u0131 ya\u015fam alanlar\u0131na entegre ediyoruz. T\u00fcrkiye\u2019de ve d\u00fcnyan\u0131n \u00e7e\u015fitli b\u00f6lgelerinde mimari ve i\u00e7 mimari projeler geli\u015ftirirken her farkl\u0131 projede farkl\u0131 yakla\u015f\u0131mlarla, her an&hellip;","og_url":"https:\/\/artesicmimarlik.com\/index.php\/about\/","og_site_name":"Artes \u0130\u00e7 Mimarl\u0131k","article_modified_time":"2023-03-27T13:06:06+00:00","twitter_card":"summary_large_image","twitter_misc":{"Tahmini okuma s\u00fcresi":"3 dakika"},"schema":{"@context":"https:\/\/schema.org","@graph":[{"@type":"WebPage","@id":"https:\/\/artesicmimarlik.com\/index.php\/about\/","url":"https:\/\/artesicmimarlik.com\/index.php\/about\/","name":"About - Artes \u0130\u00e7 Mimarl\u0131k","isPartOf":{"@id":"https:\/\/artesicmimarlik.com\/#website"},"datePublished":"2019-09-16T09:02:53+00:00","dateModified":"2023-03-27T13:06:06+00:00","breadcrumb":{"@id":"https:\/\/artesicmimarlik.com\/index.php\/about\/#breadcrumb"},"inLanguage":"tr","potentialAction":[{"@type":"ReadAction","target":["https:\/\/artesicmimarlik.com\/index.php\/about\/"]}]},{"@type":"BreadcrumbList","@id":"https:\/\/artesicmimarlik.com\/index.php\/about\/#breadcrumb","itemListElement":[{"@type":"ListItem","position":1,"name":"Anasayfa","item":"https:\/\/artesicmimarlik.com\/"},{"@type":"ListItem","position":2,"name":"About"}]},{"@type":"WebSite","@id":"https:\/\/artesicmimarlik.com\/#website","url":"https:\/\/artesicmimarlik.com\/","name":"Artes \u0130\u00e7 Mimarl\u0131k","description":"","publisher":{"@id":"https:\/\/artesicmimarlik.com\/#organization"},"potentialAction":[{"@type":"SearchAction","target":{"@type":"EntryPoint","urlTemplate":"https:\/\/artesicmimarlik.com\/?s={search_term_string}"},"query-input":"required name=search_term_string"}],"inLanguage":"tr"},{"@type":"Organization","@id":"https:\/\/artesicmimarlik.com\/#organization","name":"Artes \u0130\u00e7 Mimarl\u0131k","url":"https:\/\/artesicmimarlik.com\/","logo":{"@type":"ImageObject","inLanguage":"tr","@id":"https:\/\/artesicmimarlik.com\/#\/schema\/logo\/image\/","url":"https:\/\/artesicmimarlik.com\/wp-content\/uploads\/2023\/03\/Artes-white-logo-4.png","contentUrl":"https:\/\/artesicmimarlik.com\/wp-content\/uploads\/2023\/03\/Artes-white-logo-4.png","width":170,"height":72,"caption":"Artes \u0130\u00e7 Mimarl\u0131k"},"image":{"@id":"https:\/\/artesicmimarlik.com\/#\/schema\/logo\/image\/"},"sameAs":["https:\/\/www.instagram.com\/artesicmimarlik\/"]}]}},"_links":{"self":[{"href":"https:\/\/artesicmimarlik.com\/index.php\/wp-json\/wp\/v2\/pages\/25","targetHints":{"allow":["GET"]}}],"collection":[{"href":"https:\/\/artesicmimarlik.com\/index.php\/wp-json\/wp\/v2\/pages"}],"about":[{"href":"https:\/\/artesicmimarlik.com\/index.php\/wp-json\/wp\/v2\/types\/page"}],"author":[{"embeddable":true,"href":"https:\/\/artesicmimarlik.com\/index.php\/wp-json\/wp\/v2\/users\/1"}],"replies":[{"embeddable":true,"href":"https:\/\/artesicmimarlik.com\/index.php\/wp-json\/wp\/v2\/comments?post=25"}],"version-history":[{"count":14,"href":"https:\/\/artesicmimarlik.com\/index.php\/wp-json\/wp\/v2\/pages\/25\/revisions"}],"predecessor-version":[{"id":2121,"href":"https:\/\/artesicmimarlik.com\/index.php\/wp-json\/wp\/v2\/pages\/25\/revisions\/2121"}],"wp:attachment":[{"href":"https:\/\/artesicmimarlik.com\/index.php\/wp-json\/wp\/v2\/media?parent=25"}],"curies":[{"name":"wp","href":"https:\/\/api.w.org\/{rel}","templated":true}]}}