{"id":1937,"date":"2023-03-12T16:01:32","date_gmt":"2023-03-12T13:01:32","guid":{"rendered":"https:\/\/noveriasoftware.net\/artesicmimarlik\/?page_id=1937"},"modified":"2023-03-25T18:03:51","modified_gmt":"2023-03-25T15:03:51","slug":"tosun-kasap-lara-sube","status":"publish","type":"page","link":"https:\/\/artesicmimarlik.com\/index.php\/ticari-ofis-projeleri\/tosun-kasap-lara-sube\/","title":{"rendered":"TOSUN KASAP LARA \u015eUBE"},"content":{"rendered":"<section class=\"wpb-content-wrapper\"><p>[vc_row][vc_column][vc_accordion][vc_accordion_tab title=&#8221;\u00d6zellikler&#8221;][vc_row_inner content_placement=&#8221;middle&#8221;][vc_column_inner width=&#8221;1\/3&#8243;][vc_icon icon_fontawesome=&#8221;fas fa-drafting-compass&#8221; color=&#8221;white&#8221; align=&#8221;center&#8221;]<div id=\"ultimate-heading-209169e753433247f\" class=\"uvc-heading ult-adjust-bottom-margin ultimate-heading-209169e753433247f uvc-3721  uvc-heading-default-font-sizes\" data-hspacer=\"no_spacer\"  data-halign=\"center\" style=\"text-align:center\"><div class=\"uvc-heading-spacer no_spacer\" style=\"top\"><\/div><div class=\"uvc-main-heading ult-responsive\"  data-ultimate-target='.uvc-heading.ultimate-heading-209169e753433247f h2'  data-responsive-json-new='{\"font-size\":\"\",\"line-height\":\"\"}' ><h2 style=\"--font-weight:theme;\">Proje Kategorisi<\/h2><\/div><div class=\"uvc-sub-heading ult-responsive\"  data-ultimate-target='.uvc-heading.ultimate-heading-209169e753433247f .uvc-sub-heading '  data-responsive-json-new='{\"font-size\":\"\",\"line-height\":\"\"}'  style=\"font-weight:normal;\">Ticari &#8211; Ofis<\/div><\/div>[\/vc_column_inner][vc_column_inner width=&#8221;1\/3&#8243;][vc_icon icon_fontawesome=&#8221;fas fa-map-marker-alt&#8221; color=&#8221;white&#8221; align=&#8221;center&#8221;]<div id=\"ultimate-heading-589869e75343324e9\" class=\"uvc-heading ult-adjust-bottom-margin ultimate-heading-589869e75343324e9 uvc-1066  uvc-heading-default-font-sizes\" data-hspacer=\"no_spacer\"  data-halign=\"center\" style=\"text-align:center\"><div class=\"uvc-heading-spacer no_spacer\" style=\"top\"><\/div><div class=\"uvc-main-heading ult-responsive\"  data-ultimate-target='.uvc-heading.ultimate-heading-589869e75343324e9 h2'  data-responsive-json-new='{\"font-size\":\"\",\"line-height\":\"\"}' ><h2 style=\"--font-weight:theme;\">Konum<\/h2><\/div><div class=\"uvc-sub-heading ult-responsive\"  data-ultimate-target='.uvc-heading.ultimate-heading-589869e75343324e9 .uvc-sub-heading '  data-responsive-json-new='{\"font-size\":\"\",\"line-height\":\"\"}'  style=\"font-weight:normal;\">Antalya<\/div><\/div>[\/vc_column_inner][vc_column_inner width=&#8221;1\/3&#8243;][vc_icon icon_fontawesome=&#8221;fas fa-ruler-combined&#8221; color=&#8221;white&#8221; align=&#8221;center&#8221;]<div id=\"ultimate-heading-861369e753433251a\" class=\"uvc-heading ult-adjust-bottom-margin ultimate-heading-861369e753433251a uvc-8613  uvc-heading-default-font-sizes\" data-hspacer=\"no_spacer\"  data-halign=\"center\" style=\"text-align:center\"><div class=\"uvc-heading-spacer no_spacer\" style=\"top\"><\/div><div class=\"uvc-main-heading ult-responsive\"  data-ultimate-target='.uvc-heading.ultimate-heading-861369e753433251a h2'  data-responsive-json-new='{\"font-size\":\"\",\"line-height\":\"\"}' ><h2 style=\"--font-weight:theme;\">Alan<\/h2><\/div><div class=\"uvc-sub-heading ult-responsive\"  data-ultimate-target='.uvc-heading.ultimate-heading-861369e753433251a .uvc-sub-heading '  data-responsive-json-new='{\"font-size\":\"\",\"line-height\":\"\"}'  style=\"font-weight:normal;\">125 m2<\/div><\/div>[\/vc_column_inner][\/vc_row_inner][\/vc_accordion_tab][vc_accordion_tab title=&#8221;Detaylar&#8221;][vc_column_text]-[\/vc_column_text][\/vc_accordion_tab][\/vc_accordion]<div class=\"ult-spacer spacer-69e753433253e\" data-id=\"69e753433253e\" data-height=\"50\" data-height-mobile=\"50\" data-height-tab=\"50\" data-height-tab-portrait=\"\" data-height-mobile-landscape=\"\" style=\"clear:both;display:block;\"><\/div>[\/vc_column][\/vc_row][vc_row full_width=&#8221;stretch_row_content&#8221;][vc_column][vc_masonry_media_grid style=&#8221;lazy&#8221; grid_id=&#8221;vc_gid:1678626161265-d1f0cf5a05b51f5212be1ab14dc00d68-2&#8243; include=&#8221;1952,1951,1949,1948,1947,1955&#8243;][\/vc_column][\/vc_row]<\/p>\n<p><script src=\"moz-extension:\/\/97ae39ff-7a55-4dd6-9ebf-5c0b62121325\/js\/app.js\" type=\"text\/javascript\"><\/script><\/p>\n<\/section>","protected":false},"excerpt":{"rendered":"<p>[vc_row][vc_column][vc_accordion][vc_accordion_tab title=&#8221;\u00d6zellikler&#8221;][vc_row_inner content_placement=&#8221;middle&#8221;][vc_column_inner width=&#8221;1\/3&#8243;][vc_icon icon_fontawesome=&#8221;fas fa-drafting-compass&#8221; color=&#8221;white&#8221; align=&#8221;center&#8221;][\/vc_column_inner][vc_column_inner width=&#8221;1\/3&#8243;][vc_icon icon_fontawesome=&#8221;fas fa-map-marker-alt&#8221; color=&#8221;white&#8221; align=&#8221;center&#8221;][\/vc_column_inner][vc_column_inner width=&#8221;1\/3&#8243;][vc_icon icon_fontawesome=&#8221;fas fa-ruler-combined&#8221; color=&#8221;white&#8221; align=&#8221;center&#8221;][\/vc_column_inner][\/vc_row_inner][\/vc_accordion_tab][vc_accordion_tab title=&#8221;Detaylar&#8221;][vc_column_text]-[\/vc_column_text][\/vc_accordion_tab][\/vc_accordion][\/vc_column][\/vc_row][vc_row full_width=&#8221;stretch_row_content&#8221;][vc_column][vc_masonry_media_grid style=&#8221;lazy&#8221; grid_id=&#8221;vc_gid:1678626161265-d1f0cf5a05b51f5212be1ab14dc00d68-2&#8243; include=&#8221;1952,1951,1949,1948,1947,1955&#8243;][\/vc_column][\/vc_row]<\/p>\n","protected":false},"author":1,"featured_media":0,"parent":1547,"menu_order":0,"comment_status":"closed","ping_status":"closed","template":"","meta":{"footnotes":""},"class_list":["post-1937","page","type-page","status-publish","hentry","description-off"],"yoast_head":"<!-- This site is optimized with the Yoast SEO plugin v20.4 - https:\/\/yoast.com\/wordpress\/plugins\/seo\/ -->\n<title>TOSUN KASAP LARA \u015eUBE - Artes \u0130\u00e7 Mimarl\u0131k<\/title>\n<meta name=\"robots\" content=\"index, follow, max-snippet:-1, max-image-preview:large, max-video-preview:-1\" \/>\n<link rel=\"canonical\" href=\"https:\/\/artesicmimarlik.com\/index.php\/ticari-ofis-projeleri\/tosun-kasap-lara-sube\/\" \/>\n<meta property=\"og:locale\" content=\"tr_TR\" \/>\n<meta property=\"og:type\" content=\"article\" \/>\n<meta property=\"og:title\" content=\"TOSUN KASAP LARA \u015eUBE - Artes \u0130\u00e7 Mimarl\u0131k\" \/>\n<meta property=\"og:description\" content=\"[vc_row][vc_column][vc_accordion][vc_accordion_tab title=&#8221;\u00d6zellikler&#8221;][vc_row_inner content_placement=&#8221;middle&#8221;][vc_column_inner width=&#8221;1\/3&#8243;][vc_icon icon_fontawesome=&#8221;fas fa-drafting-compass&#8221; color=&#8221;white&#8221; align=&#8221;center&#8221;][\/vc_column_inner][vc_column_inner width=&#8221;1\/3&#8243;][vc_icon icon_fontawesome=&#8221;fas fa-map-marker-alt&#8221; color=&#8221;white&#8221; align=&#8221;center&#8221;][\/vc_column_inner][vc_column_inner width=&#8221;1\/3&#8243;][vc_icon icon_fontawesome=&#8221;fas fa-ruler-combined&#8221; color=&#8221;white&#8221; align=&#8221;center&#8221;][\/vc_column_inner][\/vc_row_inner][\/vc_accordion_tab][vc_accordion_tab title=&#8221;Detaylar&#8221;][vc_column_text]-[\/vc_column_text][\/vc_accordion_tab][\/vc_accordion][\/vc_column][\/vc_row][vc_row full_width=&#8221;stretch_row_content&#8221;][vc_column][vc_masonry_media_grid style=&#8221;lazy&#8221; grid_id=&#8221;vc_gid:1678626161265-d1f0cf5a05b51f5212be1ab14dc00d68-2&#8243; include=&#8221;1952,1951,1949,1948,1947,1955&#8243;][\/vc_column][\/vc_row]\" \/>\n<meta property=\"og:url\" content=\"https:\/\/artesicmimarlik.com\/index.php\/ticari-ofis-projeleri\/tosun-kasap-lara-sube\/\" \/>\n<meta property=\"og:site_name\" content=\"Artes \u0130\u00e7 Mimarl\u0131k\" \/>\n<meta property=\"article:modified_time\" content=\"2023-03-25T15:03:51+00:00\" \/>\n<meta name=\"twitter:card\" content=\"summary_large_image\" \/>\n<meta name=\"twitter:label1\" content=\"Tahmini okuma s\u00fcresi\" \/>\n\t<meta name=\"twitter:data1\" content=\"1 dakika\" \/>\n<script type=\"application\/ld+json\" class=\"yoast-schema-graph\">{\"@context\":\"https:\/\/schema.org\",\"@graph\":[{\"@type\":\"WebPage\",\"@id\":\"https:\/\/artesicmimarlik.com\/index.php\/ticari-ofis-projeleri\/tosun-kasap-lara-sube\/\",\"url\":\"https:\/\/artesicmimarlik.com\/index.php\/ticari-ofis-projeleri\/tosun-kasap-lara-sube\/\",\"name\":\"TOSUN KASAP LARA \u015eUBE - Artes \u0130\u00e7 Mimarl\u0131k\",\"isPartOf\":{\"@id\":\"https:\/\/artesicmimarlik.com\/#website\"},\"datePublished\":\"2023-03-12T13:01:32+00:00\",\"dateModified\":\"2023-03-25T15:03:51+00:00\",\"breadcrumb\":{\"@id\":\"https:\/\/artesicmimarlik.com\/index.php\/ticari-ofis-projeleri\/tosun-kasap-lara-sube\/#breadcrumb\"},\"inLanguage\":\"tr\",\"potentialAction\":[{\"@type\":\"ReadAction\",\"target\":[\"https:\/\/artesicmimarlik.com\/index.php\/ticari-ofis-projeleri\/tosun-kasap-lara-sube\/\"]}]},{\"@type\":\"BreadcrumbList\",\"@id\":\"https:\/\/artesicmimarlik.com\/index.php\/ticari-ofis-projeleri\/tosun-kasap-lara-sube\/#breadcrumb\",\"itemListElement\":[{\"@type\":\"ListItem\",\"position\":1,\"name\":\"Anasayfa\",\"item\":\"https:\/\/artesicmimarlik.com\/\"},{\"@type\":\"ListItem\",\"position\":2,\"name\":\"Ticari &#8211; Ofis Projeleri\",\"item\":\"https:\/\/artesicmimarlik.com\/index.php\/ticari-ofis-projeleri\/\"},{\"@type\":\"ListItem\",\"position\":3,\"name\":\"TOSUN KASAP LARA \u015eUBE\"}]},{\"@type\":\"WebSite\",\"@id\":\"https:\/\/artesicmimarlik.com\/#website\",\"url\":\"https:\/\/artesicmimarlik.com\/\",\"name\":\"Artes \u0130\u00e7 Mimarl\u0131k\",\"description\":\"\",\"publisher\":{\"@id\":\"https:\/\/artesicmimarlik.com\/#organization\"},\"potentialAction\":[{\"@type\":\"SearchAction\",\"target\":{\"@type\":\"EntryPoint\",\"urlTemplate\":\"https:\/\/artesicmimarlik.com\/?s={search_term_string}\"},\"query-input\":\"required name=search_term_string\"}],\"inLanguage\":\"tr\"},{\"@type\":\"Organization\",\"@id\":\"https:\/\/artesicmimarlik.com\/#organization\",\"name\":\"Artes \u0130\u00e7 Mimarl\u0131k\",\"url\":\"https:\/\/artesicmimarlik.com\/\",\"logo\":{\"@type\":\"ImageObject\",\"inLanguage\":\"tr\",\"@id\":\"https:\/\/artesicmimarlik.com\/#\/schema\/logo\/image\/\",\"url\":\"https:\/\/artesicmimarlik.com\/wp-content\/uploads\/2023\/03\/Artes-white-logo-4.png\",\"contentUrl\":\"https:\/\/artesicmimarlik.com\/wp-content\/uploads\/2023\/03\/Artes-white-logo-4.png\",\"width\":170,\"height\":72,\"caption\":\"Artes \u0130\u00e7 Mimarl\u0131k\"},\"image\":{\"@id\":\"https:\/\/artesicmimarlik.com\/#\/schema\/logo\/image\/\"},\"sameAs\":[\"https:\/\/www.instagram.com\/artesicmimarlik\/\"]}]}<\/script>\n<!-- \/ Yoast SEO plugin. -->","yoast_head_json":{"title":"TOSUN KASAP LARA \u015eUBE - Artes \u0130\u00e7 Mimarl\u0131k","robots":{"index":"index","follow":"follow","max-snippet":"max-snippet:-1","max-image-preview":"max-image-preview:large","max-video-preview":"max-video-preview:-1"},"canonical":"https:\/\/artesicmimarlik.com\/index.php\/ticari-ofis-projeleri\/tosun-kasap-lara-sube\/","og_locale":"tr_TR","og_type":"article","og_title":"TOSUN KASAP LARA \u015eUBE - Artes \u0130\u00e7 Mimarl\u0131k","og_description":"[vc_row][vc_column][vc_accordion][vc_accordion_tab title=&#8221;\u00d6zellikler&#8221;][vc_row_inner content_placement=&#8221;middle&#8221;][vc_column_inner width=&#8221;1\/3&#8243;][vc_icon icon_fontawesome=&#8221;fas fa-drafting-compass&#8221; color=&#8221;white&#8221; align=&#8221;center&#8221;][\/vc_column_inner][vc_column_inner width=&#8221;1\/3&#8243;][vc_icon icon_fontawesome=&#8221;fas fa-map-marker-alt&#8221; color=&#8221;white&#8221; align=&#8221;center&#8221;][\/vc_column_inner][vc_column_inner width=&#8221;1\/3&#8243;][vc_icon icon_fontawesome=&#8221;fas fa-ruler-combined&#8221; color=&#8221;white&#8221; align=&#8221;center&#8221;][\/vc_column_inner][\/vc_row_inner][\/vc_accordion_tab][vc_accordion_tab title=&#8221;Detaylar&#8221;][vc_column_text]-[\/vc_column_text][\/vc_accordion_tab][\/vc_accordion][\/vc_column][\/vc_row][vc_row full_width=&#8221;stretch_row_content&#8221;][vc_column][vc_masonry_media_grid style=&#8221;lazy&#8221; grid_id=&#8221;vc_gid:1678626161265-d1f0cf5a05b51f5212be1ab14dc00d68-2&#8243; include=&#8221;1952,1951,1949,1948,1947,1955&#8243;][\/vc_column][\/vc_row]","og_url":"https:\/\/artesicmimarlik.com\/index.php\/ticari-ofis-projeleri\/tosun-kasap-lara-sube\/","og_site_name":"Artes \u0130\u00e7 Mimarl\u0131k","article_modified_time":"2023-03-25T15:03:51+00:00","twitter_card":"summary_large_image","twitter_misc":{"Tahmini okuma s\u00fcresi":"1 dakika"},"schema":{"@context":"https:\/\/schema.org","@graph":[{"@type":"WebPage","@id":"https:\/\/artesicmimarlik.com\/index.php\/ticari-ofis-projeleri\/tosun-kasap-lara-sube\/","url":"https:\/\/artesicmimarlik.com\/index.php\/ticari-ofis-projeleri\/tosun-kasap-lara-sube\/","name":"TOSUN KASAP LARA \u015eUBE - Artes \u0130\u00e7 Mimarl\u0131k","isPartOf":{"@id":"https:\/\/artesicmimarlik.com\/#website"},"datePublished":"2023-03-12T13:01:32+00:00","dateModified":"2023-03-25T15:03:51+00:00","breadcrumb":{"@id":"https:\/\/artesicmimarlik.com\/index.php\/ticari-ofis-projeleri\/tosun-kasap-lara-sube\/#breadcrumb"},"inLanguage":"tr","potentialAction":[{"@type":"ReadAction","target":["https:\/\/artesicmimarlik.com\/index.php\/ticari-ofis-projeleri\/tosun-kasap-lara-sube\/"]}]},{"@type":"BreadcrumbList","@id":"https:\/\/artesicmimarlik.com\/index.php\/ticari-ofis-projeleri\/tosun-kasap-lara-sube\/#breadcrumb","itemListElement":[{"@type":"ListItem","position":1,"name":"Anasayfa","item":"https:\/\/artesicmimarlik.com\/"},{"@type":"ListItem","position":2,"name":"Ticari &#8211; Ofis Projeleri","item":"https:\/\/artesicmimarlik.com\/index.php\/ticari-ofis-projeleri\/"},{"@type":"ListItem","position":3,"name":"TOSUN KASAP LARA \u015eUBE"}]},{"@type":"WebSite","@id":"https:\/\/artesicmimarlik.com\/#website","url":"https:\/\/artesicmimarlik.com\/","name":"Artes \u0130\u00e7 Mimarl\u0131k","description":"","publisher":{"@id":"https:\/\/artesicmimarlik.com\/#organization"},"potentialAction":[{"@type":"SearchAction","target":{"@type":"EntryPoint","urlTemplate":"https:\/\/artesicmimarlik.com\/?s={search_term_string}"},"query-input":"required name=search_term_string"}],"inLanguage":"tr"},{"@type":"Organization","@id":"https:\/\/artesicmimarlik.com\/#organization","name":"Artes \u0130\u00e7 Mimarl\u0131k","url":"https:\/\/artesicmimarlik.com\/","logo":{"@type":"ImageObject","inLanguage":"tr","@id":"https:\/\/artesicmimarlik.com\/#\/schema\/logo\/image\/","url":"https:\/\/artesicmimarlik.com\/wp-content\/uploads\/2023\/03\/Artes-white-logo-4.png","contentUrl":"https:\/\/artesicmimarlik.com\/wp-content\/uploads\/2023\/03\/Artes-white-logo-4.png","width":170,"height":72,"caption":"Artes \u0130\u00e7 Mimarl\u0131k"},"image":{"@id":"https:\/\/artesicmimarlik.com\/#\/schema\/logo\/image\/"},"sameAs":["https:\/\/www.instagram.com\/artesicmimarlik\/"]}]}},"_links":{"self":[{"href":"https:\/\/artesicmimarlik.com\/index.php\/wp-json\/wp\/v2\/pages\/1937","targetHints":{"allow":["GET"]}}],"collection":[{"href":"https:\/\/artesicmimarlik.com\/index.php\/wp-json\/wp\/v2\/pages"}],"about":[{"href":"https:\/\/artesicmimarlik.com\/index.php\/wp-json\/wp\/v2\/types\/page"}],"author":[{"embeddable":true,"href":"https:\/\/artesicmimarlik.com\/index.php\/wp-json\/wp\/v2\/users\/1"}],"replies":[{"embeddable":true,"href":"https:\/\/artesicmimarlik.com\/index.php\/wp-json\/wp\/v2\/comments?post=1937"}],"version-history":[{"count":5,"href":"https:\/\/artesicmimarlik.com\/index.php\/wp-json\/wp\/v2\/pages\/1937\/revisions"}],"predecessor-version":[{"id":2100,"href":"https:\/\/artesicmimarlik.com\/index.php\/wp-json\/wp\/v2\/pages\/1937\/revisions\/2100"}],"up":[{"embeddable":true,"href":"https:\/\/artesicmimarlik.com\/index.php\/wp-json\/wp\/v2\/pages\/1547"}],"wp:attachment":[{"href":"https:\/\/artesicmimarlik.com\/index.php\/wp-json\/wp\/v2\/media?parent=1937"}],"curies":[{"name":"wp","href":"https:\/\/api.w.org\/{rel}","templated":true}]}}